{"id":56,"date":"2021-12-20T11:36:24","date_gmt":"2021-12-20T11:36:24","guid":{"rendered":"http:\/\/schurwald-trueffel.de\/?page_id=56"},"modified":"2021-12-20T11:37:08","modified_gmt":"2021-12-20T11:37:08","slug":"schurwald-trueffel","status":"publish","type":"page","link":"https:\/\/schurwald-trueffel.de\/","title":{"rendered":"Schurwald Tr\u00fcffeln"},"content":{"rendered":"\n<p>Eine Heimat der begehrten Knolle seit tausenden von Jahren. Aus Naturschutzgr\u00fcnden ist ein Sammeln in den sch\u00f6nen W\u00e4ldern des Schurwaldes nicht m\u00f6glich. In unserer Plantage geben wir den Tr\u00fcffeln eine neue Heimat.<\/p>\n\n\n\n<p>Viele Gr\u00fc\u00dfe<\/p>\n\n\n\n<p>Stefan Jungkind<\/p>\n","protected":false},"excerpt":{"rendered":"<p>Eine Heimat der begehrten Knolle seit tausenden von Jahren. Aus Naturschutzgr\u00fcnden ist ein Sammeln in den sch\u00f6nen W\u00e4ldern des Schurwaldes nicht m\u00f6glich. In unserer Plantage geben wir den Tr\u00fcffeln eine neue Heimat. Viele Gr\u00fc\u00dfe Stefan Jungkind<\/p>\n","protected":false},"author":1,"featured_media":0,"parent":0,"menu_order":0,"comment_status":"closed","ping_status":"closed","template":"","meta":{"footnotes":""},"_links":{"self":[{"href":"https:\/\/schurwald-trueffel.de\/index.php?rest_route=\/wp\/v2\/pages\/56"}],"collection":[{"href":"https:\/\/schurwald-trueffel.de\/index.php?rest_route=\/wp\/v2\/pages"}],"about":[{"href":"https:\/\/schurwald-trueffel.de\/index.php?rest_route=\/wp\/v2\/types\/page"}],"author":[{"embeddable":true,"href":"https:\/\/schurwald-trueffel.de\/index.php?rest_route=\/wp\/v2\/users\/1"}],"replies":[{"embeddable":true,"href":"https:\/\/schurwald-trueffel.de\/index.php?rest_route=%2Fwp%2Fv2%2Fcomments&post=56"}],"version-history":[{"count":2,"href":"https:\/\/schurwald-trueffel.de\/index.php?rest_route=\/wp\/v2\/pages\/56\/revisions"}],"predecessor-version":[{"id":58,"href":"https:\/\/schurwald-trueffel.de\/index.php?rest_route=\/wp\/v2\/pages\/56\/revisions\/58"}],"wp:attachment":[{"href":"https:\/\/schurwald-trueffel.de\/index.php?rest_route=%2Fwp%2Fv2%2Fmedia&parent=56"}],"curies":[{"name":"wp","href":"https:\/\/api.w.org\/{rel}","templated":true}]}}